{"id":225,"date":"2021-10-27T09:19:57","date_gmt":"2021-10-27T09:19:57","guid":{"rendered":"http:\/\/keytrailer.pt\/krone-copy\/"},"modified":"2021-12-23T18:10:44","modified_gmt":"2021-12-23T18:10:44","slug":"knapen","status":"publish","type":"page","link":"https:\/\/keytrailer.pt\/en\/knapen\/","title":{"rendered":"Knapen"},"content":{"rendered":"<div data-elementor-type=\"wp-page\" data-elementor-id=\"225\" class=\"elementor elementor-225\">\n\t\t\t\t\t\t\t\t\t<section class=\"elementor-section elementor-top-section elementor-element elementor-element-35a9cc3 elementor-section-boxed elementor-section-height-default elementor-section-height-default\" data-id=\"35a9cc3\" data-element_type=\"section\">\n\t\t\t\t\t\t<div class=\"elementor-container elementor-column-gap-default\">\n\t\t\t\t\t<div class=\"elementor-column elementor-col-100 elementor-top-column elementor-element elementor-element-b568e2e\" data-id=\"b568e2e\" data-element_type=\"column\">\n\t\t\t<div class=\"elementor-widget-wrap elementor-element-populated\">\n\t\t\t\t\t\t\t\t<div class=\"elementor-element elementor-element-092c987 elementor-widget elementor-widget-image\" data-id=\"092c987\" data-element_type=\"widget\" data-widget_type=\"image.default\">\n\t\t\t\t<div class=\"elementor-widget-container\">\n\t\t\t<style>\/*! elementor - v3.14.0 - 18-06-2023 *\/\n.elementor-widget-image{text-align:center}.elementor-widget-image a{display:inline-block}.elementor-widget-image a img[src$=\".svg\"]{width:48px}.elementor-widget-image img{vertical-align:middle;display:inline-block}<\/style>\t\t\t\t\t\t\t\t\t\t\t\t<img loading=\"lazy\" decoding=\"async\" width=\"300\" height=\"186\" src=\"https:\/\/keytrailer.pt\/wp-content\/uploads\/2021\/10\/Logo_KNAPEN-1-300x186.jpg\" class=\"attachment-medium size-medium wp-image-19\" alt=\"\" srcset=\"https:\/\/keytrailer.pt\/wp-content\/uploads\/2021\/10\/Logo_KNAPEN-1-300x186.jpg 300w, https:\/\/keytrailer.pt\/wp-content\/uploads\/2021\/10\/Logo_KNAPEN-1-1024x633.jpg 1024w, https:\/\/keytrailer.pt\/wp-content\/uploads\/2021\/10\/Logo_KNAPEN-1-768x475.jpg 768w, https:\/\/keytrailer.pt\/wp-content\/uploads\/2021\/10\/Logo_KNAPEN-1-1536x950.jpg 1536w, https:\/\/keytrailer.pt\/wp-content\/uploads\/2021\/10\/Logo_KNAPEN-1-2048x1266.jpg 2048w\" sizes=\"auto, (max-width: 300px) 100vw, 300px\" \/>\t\t\t\t\t\t\t\t\t\t\t\t\t\t\t<\/div>\n\t\t\t\t<\/div>\n\t\t\t\t<div class=\"elementor-element elementor-element-57934ac elementor-widget elementor-widget-text-editor\" data-id=\"57934ac\" data-element_type=\"widget\" data-widget_type=\"text-editor.default\">\n\t\t\t\t<div class=\"elementor-widget-container\">\n\t\t\t<style>\/*! elementor - v3.14.0 - 18-06-2023 *\/\n.elementor-widget-text-editor.elementor-drop-cap-view-stacked .elementor-drop-cap{background-color:#69727d;color:#fff}.elementor-widget-text-editor.elementor-drop-cap-view-framed .elementor-drop-cap{color:#69727d;border:3px solid;background-color:transparent}.elementor-widget-text-editor:not(.elementor-drop-cap-view-default) .elementor-drop-cap{margin-top:8px}.elementor-widget-text-editor:not(.elementor-drop-cap-view-default) .elementor-drop-cap-letter{width:1em;height:1em}.elementor-widget-text-editor .elementor-drop-cap{float:left;text-align:center;line-height:1;font-size:50px}.elementor-widget-text-editor .elementor-drop-cap-letter{display:inline-block}<\/style>\t\t\t\t<p>Since 1984, we have been focussing on continuous improvement of a single product: the moving-floor\ntrailer. Each time we slightly raise the bar. This is how we create unique and reliable inventions and\ninnovations. Our trailers have been developed with the smallest detail in mind. This way we guarantee our\ncustomers trouble free operation for many years, the lowest overall costs and the highest residual value.\nWe are committed to it and our customers may hold us to that. \nBy pushing boundaries we have been creating an edge within our industry for more than 37 years. All Knapen trailers are robot welded on solar power. In terms of Quality, Design and Innovation, we lead the way in the development of the moving floor industry. Knapen Trailers is a member of the Krone Group.<\/p>\t\t\t\t\t\t<\/div>\n\t\t\t\t<\/div>\n\t\t\t\t\t<\/div>\n\t\t<\/div>\n\t\t\t\t\t\t\t<\/div>\n\t\t<\/section>\n\t\t\t\t<section class=\"elementor-section elementor-top-section elementor-element elementor-element-818cc31 elementor-section-boxed elementor-section-height-default elementor-section-height-default\" data-id=\"818cc31\" data-element_type=\"section\">\n\t\t\t\t\t\t<div class=\"elementor-container elementor-column-gap-default\">\n\t\t\t\t\t<div class=\"elementor-column elementor-col-50 elementor-top-column elementor-element elementor-element-c103221\" data-id=\"c103221\" data-element_type=\"column\">\n\t\t\t<div class=\"elementor-widget-wrap elementor-element-populated\">\n\t\t\t\t\t\t\t\t<div class=\"elementor-element elementor-element-41076ee elementor-position-top elementor-vertical-align-top elementor-widget elementor-widget-image-box\" data-id=\"41076ee\" data-element_type=\"widget\" data-widget_type=\"image-box.default\">\n\t\t\t\t<div class=\"elementor-widget-container\">\n\t\t\t<style>.elementor-widget-image-box .elementor-image-box-content{width:100%}@media (min-width:768px){.elementor-widget-image-box.elementor-position-left .elementor-image-box-wrapper,.elementor-widget-image-box.elementor-position-right .elementor-image-box-wrapper{display:flex}.elementor-widget-image-box.elementor-position-right .elementor-image-box-wrapper{text-align:right;flex-direction:row-reverse}.elementor-widget-image-box.elementor-position-left .elementor-image-box-wrapper{text-align:left;flex-direction:row}.elementor-widget-image-box.elementor-position-top .elementor-image-box-img{margin:auto}.elementor-widget-image-box.elementor-vertical-align-top .elementor-image-box-wrapper{align-items:flex-start}.elementor-widget-image-box.elementor-vertical-align-middle .elementor-image-box-wrapper{align-items:center}.elementor-widget-image-box.elementor-vertical-align-bottom .elementor-image-box-wrapper{align-items:flex-end}}@media (max-width:767px){.elementor-widget-image-box .elementor-image-box-img{margin-left:auto!important;margin-right:auto!important;margin-bottom:15px}}.elementor-widget-image-box .elementor-image-box-img{display:inline-block}.elementor-widget-image-box .elementor-image-box-title a{color:inherit}.elementor-widget-image-box .elementor-image-box-wrapper{text-align:center}.elementor-widget-image-box .elementor-image-box-description{margin:0}<\/style><div class=\"elementor-image-box-wrapper\"><figure class=\"elementor-image-box-img\"><img loading=\"lazy\" decoding=\"async\" width=\"2560\" height=\"1440\" src=\"https:\/\/keytrailer.pt\/wp-content\/uploads\/2021\/11\/K100-Standaard-scaled.jpg\" class=\"attachment-full size-full wp-image-992\" alt=\"\" srcset=\"https:\/\/keytrailer.pt\/wp-content\/uploads\/2021\/11\/K100-Standaard-scaled.jpg 2560w, https:\/\/keytrailer.pt\/wp-content\/uploads\/2021\/11\/K100-Standaard-300x169.jpg 300w, https:\/\/keytrailer.pt\/wp-content\/uploads\/2021\/11\/K100-Standaard-1024x576.jpg 1024w, https:\/\/keytrailer.pt\/wp-content\/uploads\/2021\/11\/K100-Standaard-768x432.jpg 768w, https:\/\/keytrailer.pt\/wp-content\/uploads\/2021\/11\/K100-Standaard-1536x864.jpg 1536w, https:\/\/keytrailer.pt\/wp-content\/uploads\/2021\/11\/K100-Standaard-2048x1152.jpg 2048w, https:\/\/keytrailer.pt\/wp-content\/uploads\/2021\/11\/K100-Standaard-18x10.jpg 18w\" sizes=\"auto, (max-width: 2560px) 100vw, 2560px\" \/><\/figure><div class=\"elementor-image-box-content\"><h2 class=\"elementor-image-box-title\">K100<\/h2><p class=\"elementor-image-box-description\">Steel chassis. Strong and light.<br>Lowest overall costs.<br>Proven technology.<br>More than 200 standard options.<\/p><\/div><\/div>\t\t<\/div>\n\t\t\t\t<\/div>\n\t\t\t\t\t<\/div>\n\t\t<\/div>\n\t\t\t\t<div class=\"elementor-column elementor-col-50 elementor-top-column elementor-element elementor-element-36177a7\" data-id=\"36177a7\" data-element_type=\"column\">\n\t\t\t<div class=\"elementor-widget-wrap elementor-element-populated\">\n\t\t\t\t\t\t\t\t<div class=\"elementor-element elementor-element-917de55 elementor-position-top elementor-vertical-align-top elementor-widget elementor-widget-image-box\" data-id=\"917de55\" data-element_type=\"widget\" data-widget_type=\"image-box.default\">\n\t\t\t\t<div class=\"elementor-widget-container\">\n\t\t\t<div class=\"elementor-image-box-wrapper\"><figure class=\"elementor-image-box-img\"><img loading=\"lazy\" decoding=\"async\" width=\"2560\" height=\"1440\" src=\"https:\/\/keytrailer.pt\/wp-content\/uploads\/2021\/11\/K200_Light_Standaard-scaled.jpg\" class=\"attachment-full size-full wp-image-993\" alt=\"\" srcset=\"https:\/\/keytrailer.pt\/wp-content\/uploads\/2021\/11\/K200_Light_Standaard-scaled.jpg 2560w, https:\/\/keytrailer.pt\/wp-content\/uploads\/2021\/11\/K200_Light_Standaard-300x169.jpg 300w, https:\/\/keytrailer.pt\/wp-content\/uploads\/2021\/11\/K200_Light_Standaard-1024x576.jpg 1024w, https:\/\/keytrailer.pt\/wp-content\/uploads\/2021\/11\/K200_Light_Standaard-768x432.jpg 768w, https:\/\/keytrailer.pt\/wp-content\/uploads\/2021\/11\/K200_Light_Standaard-1536x864.jpg 1536w, https:\/\/keytrailer.pt\/wp-content\/uploads\/2021\/11\/K200_Light_Standaard-2048x1152.jpg 2048w, https:\/\/keytrailer.pt\/wp-content\/uploads\/2021\/11\/K200_Light_Standaard-18x10.jpg 18w\" sizes=\"auto, (max-width: 2560px) 100vw, 2560px\" \/><\/figure><div class=\"elementor-image-box-content\"><h2 class=\"elementor-image-box-title\">K200<\/h2><p class=\"elementor-image-box-description\">Aluminium chassis. Strong and light.<br>Lowest overall costs.<br>Proven technology.<br>More than 200 standard options.<\/p><\/div><\/div>\t\t<\/div>\n\t\t\t\t<\/div>\n\t\t\t\t\t<\/div>\n\t\t<\/div>\n\t\t\t\t\t\t\t<\/div>\n\t\t<\/section>\n\t\t\t\t<section class=\"elementor-section elementor-top-section elementor-element elementor-element-49ed569 elementor-section-boxed elementor-section-height-default elementor-section-height-default\" data-id=\"49ed569\" data-element_type=\"section\">\n\t\t\t\t\t\t<div class=\"elementor-container elementor-column-gap-default\">\n\t\t\t\t\t<div class=\"elementor-column elementor-col-50 elementor-top-column elementor-element elementor-element-3a01fee\" data-id=\"3a01fee\" data-element_type=\"column\">\n\t\t\t<div class=\"elementor-widget-wrap elementor-element-populated\">\n\t\t\t\t\t\t\t\t<div class=\"elementor-element elementor-element-b5f6062 elementor-position-top elementor-vertical-align-top elementor-widget elementor-widget-image-box\" data-id=\"b5f6062\" data-element_type=\"widget\" data-widget_type=\"image-box.default\">\n\t\t\t\t<div class=\"elementor-widget-container\">\n\t\t\t<div class=\"elementor-image-box-wrapper\"><figure class=\"elementor-image-box-img\"><img loading=\"lazy\" decoding=\"async\" width=\"800\" height=\"533\" src=\"https:\/\/keytrailer.pt\/wp-content\/uploads\/2021\/11\/EXSIDE.jpg\" class=\"attachment-full size-full wp-image-991\" alt=\"\" srcset=\"https:\/\/keytrailer.pt\/wp-content\/uploads\/2021\/11\/EXSIDE.jpg 800w, https:\/\/keytrailer.pt\/wp-content\/uploads\/2021\/11\/EXSIDE-300x200.jpg 300w, https:\/\/keytrailer.pt\/wp-content\/uploads\/2021\/11\/EXSIDE-768x512.jpg 768w, https:\/\/keytrailer.pt\/wp-content\/uploads\/2021\/11\/EXSIDE-18x12.jpg 18w\" sizes=\"auto, (max-width: 800px) 100vw, 800px\" \/><\/figure><div class=\"elementor-image-box-content\"><h2 class=\"elementor-image-box-title\">EXSIDE<\/h2><p class=\"elementor-image-box-description\">Proven Flexibility Improved.<br>12.9 meter opening.<br>Liftable upper beam (optional).<br>Also available in LIGHT version.<br>Both sides opening as an option.<br>Self-supporting construction\nwith side doors.<\/p><\/div><\/div>\t\t<\/div>\n\t\t\t\t<\/div>\n\t\t\t\t\t<\/div>\n\t\t<\/div>\n\t\t\t\t<div class=\"elementor-column elementor-col-50 elementor-top-column elementor-element elementor-element-1c47ebf\" data-id=\"1c47ebf\" data-element_type=\"column\">\n\t\t\t<div class=\"elementor-widget-wrap elementor-element-populated\">\n\t\t\t\t\t\t\t\t<div class=\"elementor-element elementor-element-a0f1633 elementor-position-top elementor-vertical-align-top elementor-widget elementor-widget-image-box\" data-id=\"a0f1633\" data-element_type=\"widget\" data-widget_type=\"image-box.default\">\n\t\t\t\t<div class=\"elementor-widget-container\">\n\t\t\t<div class=\"elementor-image-box-wrapper\"><figure class=\"elementor-image-box-img\"><img loading=\"lazy\" decoding=\"async\" width=\"2560\" height=\"1440\" src=\"https:\/\/keytrailer.pt\/wp-content\/uploads\/2021\/11\/K100_Scrap_EXTREME-scaled.jpg\" class=\"attachment-full size-full wp-image-994\" alt=\"\" srcset=\"https:\/\/keytrailer.pt\/wp-content\/uploads\/2021\/11\/K100_Scrap_EXTREME-scaled.jpg 2560w, https:\/\/keytrailer.pt\/wp-content\/uploads\/2021\/11\/K100_Scrap_EXTREME-300x169.jpg 300w, https:\/\/keytrailer.pt\/wp-content\/uploads\/2021\/11\/K100_Scrap_EXTREME-1024x576.jpg 1024w, https:\/\/keytrailer.pt\/wp-content\/uploads\/2021\/11\/K100_Scrap_EXTREME-768x432.jpg 768w, https:\/\/keytrailer.pt\/wp-content\/uploads\/2021\/11\/K100_Scrap_EXTREME-1536x864.jpg 1536w, https:\/\/keytrailer.pt\/wp-content\/uploads\/2021\/11\/K100_Scrap_EXTREME-2048x1152.jpg 2048w, https:\/\/keytrailer.pt\/wp-content\/uploads\/2021\/11\/K100_Scrap_EXTREME-18x10.jpg 18w\" sizes=\"auto, (max-width: 2560px) 100vw, 2560px\" \/><\/figure><div class=\"elementor-image-box-content\"><h2 class=\"elementor-image-box-title\">EXTREME<\/h2><p class=\"elementor-image-box-description\">Extreme waste applications.<br>Fully made of high strength steel.<br>Self-supporting construction.<br>Scrap or waste applications.<\/p><\/div><\/div>\t\t<\/div>\n\t\t\t\t<\/div>\n\t\t\t\t\t<\/div>\n\t\t<\/div>\n\t\t\t\t\t\t\t<\/div>\n\t\t<\/section>\n\t\t\t\t<section class=\"elementor-section elementor-top-section elementor-element elementor-element-efaecc9 elementor-section-boxed elementor-section-height-default elementor-section-height-default\" data-id=\"efaecc9\" data-element_type=\"section\">\n\t\t\t\t\t\t<div class=\"elementor-container elementor-column-gap-default\">\n\t\t\t\t\t<div class=\"elementor-column elementor-col-100 elementor-top-column elementor-element elementor-element-4188f8b\" data-id=\"4188f8b\" data-element_type=\"column\">\n\t\t\t<div class=\"elementor-widget-wrap elementor-element-populated\">\n\t\t\t\t\t\t\t\t<div class=\"elementor-element elementor-element-1e6aab8 elementor-position-top elementor-vertical-align-top elementor-widget elementor-widget-image-box\" data-id=\"1e6aab8\" data-element_type=\"widget\" data-widget_type=\"image-box.default\">\n\t\t\t\t<div class=\"elementor-widget-container\">\n\t\t\t<div class=\"elementor-image-box-wrapper\"><figure class=\"elementor-image-box-img\"><img loading=\"lazy\" decoding=\"async\" width=\"1920\" height=\"1080\" src=\"https:\/\/keytrailer.pt\/wp-content\/uploads\/2021\/11\/KroneKnapen.jpg\" class=\"attachment-full size-full wp-image-1012\" alt=\"\" srcset=\"https:\/\/keytrailer.pt\/wp-content\/uploads\/2021\/11\/KroneKnapen.jpg 1920w, https:\/\/keytrailer.pt\/wp-content\/uploads\/2021\/11\/KroneKnapen-300x169.jpg 300w, https:\/\/keytrailer.pt\/wp-content\/uploads\/2021\/11\/KroneKnapen-1024x576.jpg 1024w, https:\/\/keytrailer.pt\/wp-content\/uploads\/2021\/11\/KroneKnapen-768x432.jpg 768w, https:\/\/keytrailer.pt\/wp-content\/uploads\/2021\/11\/KroneKnapen-1536x864.jpg 1536w, https:\/\/keytrailer.pt\/wp-content\/uploads\/2021\/11\/KroneKnapen-18x10.jpg 18w\" sizes=\"auto, (max-width: 1920px) 100vw, 1920px\" \/><\/figure><div class=\"elementor-image-box-content\"><h2 class=\"elementor-image-box-title\">Other solutions<\/h2><p class=\"elementor-image-box-description\">See our range of semi-trailers prepared for any situation in terms of moving floor transport.<\/p><\/div><\/div>\t\t<\/div>\n\t\t\t\t<\/div>\n\t\t\t\t\t<\/div>\n\t\t<\/div>\n\t\t\t\t\t\t\t<\/div>\n\t\t<\/section>\n\t\t\t\t<section class=\"elementor-section elementor-top-section elementor-element elementor-element-7e4b397 elementor-section-boxed elementor-section-height-default elementor-section-height-default\" data-id=\"7e4b397\" data-element_type=\"section\" data-settings=\"{&quot;background_background&quot;:&quot;classic&quot;}\">\n\t\t\t\t\t\t<div class=\"elementor-container elementor-column-gap-default\">\n\t\t\t\t\t<div class=\"elementor-column elementor-col-50 elementor-top-column elementor-element elementor-element-7a21ca8\" data-id=\"7a21ca8\" data-element_type=\"column\">\n\t\t\t<div class=\"elementor-widget-wrap elementor-element-populated\">\n\t\t\t\t\t\t\t\t<div class=\"elementor-element elementor-element-f94749d elementor-widget elementor-widget-heading\" data-id=\"f94749d\" data-element_type=\"widget\" data-widget_type=\"heading.default\">\n\t\t\t\t<div class=\"elementor-widget-container\">\n\t\t\t<style>\/*! elementor - v3.14.0 - 18-06-2023 *\/\n.elementor-heading-title{padding:0;margin:0;line-height:1}.elementor-widget-heading .elementor-heading-title[class*=elementor-size-]>a{color:inherit;font-size:inherit;line-height:inherit}.elementor-widget-heading .elementor-heading-title.elementor-size-small{font-size:15px}.elementor-widget-heading .elementor-heading-title.elementor-size-medium{font-size:19px}.elementor-widget-heading .elementor-heading-title.elementor-size-large{font-size:29px}.elementor-widget-heading .elementor-heading-title.elementor-size-xl{font-size:39px}.elementor-widget-heading .elementor-heading-title.elementor-size-xxl{font-size:59px}<\/style><h2 class=\"elementor-heading-title elementor-size-default\">Agri Solutions<\/h2>\t\t<\/div>\n\t\t\t\t<\/div>\n\t\t\t\t<div class=\"elementor-element elementor-element-f0c9495 elementor-widget-divider--view-line elementor-widget elementor-widget-divider\" data-id=\"f0c9495\" data-element_type=\"widget\" data-widget_type=\"divider.default\">\n\t\t\t\t<div class=\"elementor-widget-container\">\n\t\t\t<style>\/*! elementor - v3.14.0 - 18-06-2023 *\/\n.elementor-widget-divider{--divider-border-style:none;--divider-border-width:1px;--divider-color:#0c0d0e;--divider-icon-size:20px;--divider-element-spacing:10px;--divider-pattern-height:24px;--divider-pattern-size:20px;--divider-pattern-url:none;--divider-pattern-repeat:repeat-x}.elementor-widget-divider .elementor-divider{display:flex}.elementor-widget-divider .elementor-divider__text{font-size:15px;line-height:1;max-width:95%}.elementor-widget-divider .elementor-divider__element{margin:0 var(--divider-element-spacing);flex-shrink:0}.elementor-widget-divider .elementor-icon{font-size:var(--divider-icon-size)}.elementor-widget-divider .elementor-divider-separator{display:flex;margin:0;direction:ltr}.elementor-widget-divider--view-line_icon .elementor-divider-separator,.elementor-widget-divider--view-line_text .elementor-divider-separator{align-items:center}.elementor-widget-divider--view-line_icon .elementor-divider-separator:after,.elementor-widget-divider--view-line_icon .elementor-divider-separator:before,.elementor-widget-divider--view-line_text .elementor-divider-separator:after,.elementor-widget-divider--view-line_text .elementor-divider-separator:before{display:block;content:\"\";border-bottom:0;flex-grow:1;border-top:var(--divider-border-width) var(--divider-border-style) var(--divider-color)}.elementor-widget-divider--element-align-left .elementor-divider .elementor-divider-separator>.elementor-divider__svg:first-of-type{flex-grow:0;flex-shrink:100}.elementor-widget-divider--element-align-left .elementor-divider-separator:before{content:none}.elementor-widget-divider--element-align-left .elementor-divider__element{margin-left:0}.elementor-widget-divider--element-align-right .elementor-divider .elementor-divider-separator>.elementor-divider__svg:last-of-type{flex-grow:0;flex-shrink:100}.elementor-widget-divider--element-align-right .elementor-divider-separator:after{content:none}.elementor-widget-divider--element-align-right .elementor-divider__element{margin-right:0}.elementor-widget-divider:not(.elementor-widget-divider--view-line_text):not(.elementor-widget-divider--view-line_icon) .elementor-divider-separator{border-top:var(--divider-border-width) var(--divider-border-style) var(--divider-color)}.elementor-widget-divider--separator-type-pattern{--divider-border-style:none}.elementor-widget-divider--separator-type-pattern.elementor-widget-divider--view-line .elementor-divider-separator,.elementor-widget-divider--separator-type-pattern:not(.elementor-widget-divider--view-line) .elementor-divider-separator:after,.elementor-widget-divider--separator-type-pattern:not(.elementor-widget-divider--view-line) .elementor-divider-separator:before,.elementor-widget-divider--separator-type-pattern:not([class*=elementor-widget-divider--view]) .elementor-divider-separator{width:100%;min-height:var(--divider-pattern-height);-webkit-mask-size:var(--divider-pattern-size) 100%;mask-size:var(--divider-pattern-size) 100%;-webkit-mask-repeat:var(--divider-pattern-repeat);mask-repeat:var(--divider-pattern-repeat);background-color:var(--divider-color);-webkit-mask-image:var(--divider-pattern-url);mask-image:var(--divider-pattern-url)}.elementor-widget-divider--no-spacing{--divider-pattern-size:auto}.elementor-widget-divider--bg-round{--divider-pattern-repeat:round}.rtl .elementor-widget-divider .elementor-divider__text{direction:rtl}.e-con-inner>.elementor-widget-divider,.e-con>.elementor-widget-divider{width:var(--container-widget-width,100%);--flex-grow:var(--container-widget-flex-grow)}<\/style>\t\t<div class=\"elementor-divider\">\n\t\t\t<span class=\"elementor-divider-separator\">\n\t\t\t\t\t\t<\/span>\n\t\t<\/div>\n\t\t\t\t<\/div>\n\t\t\t\t<\/div>\n\t\t\t\t<div class=\"elementor-element elementor-element-153dd83 elementor-widget elementor-widget-text-editor\" data-id=\"153dd83\" data-element_type=\"widget\" data-widget_type=\"text-editor.default\">\n\t\t\t\t<div class=\"elementor-widget-container\">\n\t\t\t\t\t\t\t<p>The tried and tested moving floor vehicles from Knapen\nTrailers have proven their value in numerous agricultural\napplications.<\/p>\t\t\t\t\t\t<\/div>\n\t\t\t\t<\/div>\n\t\t\t\t<div class=\"elementor-element elementor-element-9161cce elementor-widget elementor-widget-text-editor\" data-id=\"9161cce\" data-element_type=\"widget\" data-widget_type=\"text-editor.default\">\n\t\t\t\t<div class=\"elementor-widget-container\">\n\t\t\t\t\t\t\t<ul><li>Rapid unloading without the driver having to leave the vehicle.<\/li><li>Customer-specific tailor-mode solutions.<\/li><\/ul>\t\t\t\t\t\t<\/div>\n\t\t\t\t<\/div>\n\t\t\t\t\t<\/div>\n\t\t<\/div>\n\t\t\t\t<div class=\"elementor-column elementor-col-50 elementor-top-column elementor-element elementor-element-2b98148\" data-id=\"2b98148\" data-element_type=\"column\">\n\t\t\t<div class=\"elementor-widget-wrap elementor-element-populated\">\n\t\t\t\t\t\t\t\t<div class=\"elementor-element elementor-element-76fb983 elementor-widget elementor-widget-heading\" data-id=\"76fb983\" data-element_type=\"widget\" data-widget_type=\"heading.default\">\n\t\t\t\t<div class=\"elementor-widget-container\">\n\t\t\t<h2 class=\"elementor-heading-title elementor-size-default\">Power Sheet<\/h2>\t\t<\/div>\n\t\t\t\t<\/div>\n\t\t\t\t<div class=\"elementor-element elementor-element-0cce9ca elementor-widget-divider--view-line elementor-widget elementor-widget-divider\" data-id=\"0cce9ca\" data-element_type=\"widget\" data-widget_type=\"divider.default\">\n\t\t\t\t<div class=\"elementor-widget-container\">\n\t\t\t\t\t<div class=\"elementor-divider\">\n\t\t\t<span class=\"elementor-divider-separator\">\n\t\t\t\t\t\t<\/span>\n\t\t<\/div>\n\t\t\t\t<\/div>\n\t\t\t\t<\/div>\n\t\t\t\t<div class=\"elementor-element elementor-element-7f44bfc elementor-widget elementor-widget-text-editor\" data-id=\"7f44bfc\" data-element_type=\"widget\" data-widget_type=\"text-editor.default\">\n\t\t\t\t<div class=\"elementor-widget-container\">\n\t\t\t\t\t\t\t<p>Controled from the ground. Safety first! Your trailer covered in 30 seconds. It saves fuel as well.<\/p>\t\t\t\t\t\t<\/div>\n\t\t\t\t<\/div>\n\t\t\t\t<div class=\"elementor-element elementor-element-43156e7 elementor-widget elementor-widget-text-editor\" data-id=\"43156e7\" data-element_type=\"widget\" data-widget_type=\"text-editor.default\">\n\t\t\t\t<div class=\"elementor-widget-container\">\n\t\t\t\t\t\t\t<ul><li>Waterproof.<\/li><li><span style=\"color: var( --e-global-color-text ); font-family: var( --e-global-typography-text-font-family ), Sans-serif;\">Automatic tightening.<\/span><\/li><li>No saddles straps, manual ratchets or elastic bands required.<\/li><\/ul>\t\t\t\t\t\t<\/div>\n\t\t\t\t<\/div>\n\t\t\t\t\t<\/div>\n\t\t<\/div>\n\t\t\t\t\t\t\t<\/div>\n\t\t<\/section>\n\t\t\t\t<section class=\"elementor-section elementor-top-section elementor-element elementor-element-197aad5 elementor-section-boxed elementor-section-height-default elementor-section-height-default\" data-id=\"197aad5\" data-element_type=\"section\">\n\t\t\t\t\t\t<div class=\"elementor-container elementor-column-gap-default\">\n\t\t\t\t\t<div class=\"elementor-column elementor-col-100 elementor-top-column elementor-element elementor-element-67881c7\" data-id=\"67881c7\" data-element_type=\"column\">\n\t\t\t<div class=\"elementor-widget-wrap elementor-element-populated\">\n\t\t\t\t\t\t\t\t<div class=\"elementor-element elementor-element-abb348e elementor-align-center elementor-widget elementor-widget-button\" data-id=\"abb348e\" data-element_type=\"widget\" data-widget_type=\"button.default\">\n\t\t\t\t<div class=\"elementor-widget-container\">\n\t\t\t\t\t<div class=\"elementor-button-wrapper\">\n\t\t\t<a class=\"elementor-button elementor-button-link elementor-size-lg\" href=\"https:\/\/keytrailer.pt\/en\/pedido-orcamento\/\">\n\t\t\t\t\t\t<span class=\"elementor-button-content-wrapper\">\n\t\t\t\t\t\t<span class=\"elementor-button-text\">Ask for Budget<\/span>\n\t\t<\/span>\n\t\t\t\t\t<\/a>\n\t\t<\/div>\n\t\t\t\t<\/div>\n\t\t\t\t<\/div>\n\t\t\t\t\t<\/div>\n\t\t<\/div>\n\t\t\t\t\t\t\t<\/div>\n\t\t<\/section>\n\t\t\t\t\t\t\t<\/div>","protected":false},"excerpt":{"rendered":"<p>Desde 1984, que estamos focados na melhoria cont\u00ednua de um \u00fanico produto: o semi-reboque com piso m\u00f3vel. Tentamos constantemente aumentar a fasquia ao n\u00edvel da qualidade do produto. \u00c9 assim que criamos inven\u00e7\u00f5es e inova\u00e7\u00f5es \u00fanicas e fi\u00e1veis. Os nossos reboques foram desenvolvidos tendo em vista cada detalhe. Dessa forma, garantimos aos nossos clientes a [&hellip;]<\/p>","protected":false},"author":1,"featured_media":0,"parent":0,"menu_order":0,"comment_status":"closed","ping_status":"closed","template":"elementor_header_footer","meta":{"footnotes":""},"class_list":["post-225","page","type-page","status-publish","hentry"],"_links":{"self":[{"href":"https:\/\/keytrailer.pt\/en\/wp-json\/wp\/v2\/pages\/225","targetHints":{"allow":["GET"]}}],"collection":[{"href":"https:\/\/keytrailer.pt\/en\/wp-json\/wp\/v2\/pages"}],"about":[{"href":"https:\/\/keytrailer.pt\/en\/wp-json\/wp\/v2\/types\/page"}],"author":[{"embeddable":true,"href":"https:\/\/keytrailer.pt\/en\/wp-json\/wp\/v2\/users\/1"}],"replies":[{"embeddable":true,"href":"https:\/\/keytrailer.pt\/en\/wp-json\/wp\/v2\/comments?post=225"}],"version-history":[{"count":25,"href":"https:\/\/keytrailer.pt\/en\/wp-json\/wp\/v2\/pages\/225\/revisions"}],"predecessor-version":[{"id":1106,"href":"https:\/\/keytrailer.pt\/en\/wp-json\/wp\/v2\/pages\/225\/revisions\/1106"}],"wp:attachment":[{"href":"https:\/\/keytrailer.pt\/en\/wp-json\/wp\/v2\/media?parent=225"}],"curies":[{"name":"wp","href":"https:\/\/api.w.org\/{rel}","templated":true}]}}