{"id":3,"date":"2021-10-23T10:08:00","date_gmt":"2021-10-23T10:08:00","guid":{"rendered":"http:\/\/keytrailer.pt\/?page_id=3"},"modified":"2021-10-28T16:39:18","modified_gmt":"2021-10-28T16:39:18","slug":"privacy-policy","status":"publish","type":"page","link":"https:\/\/keytrailer.pt\/en\/privacy-policy\/","title":{"rendered":"Privacy Policy"},"content":{"rendered":"<div data-elementor-type=\"wp-page\" data-elementor-id=\"3\" class=\"elementor elementor-3\">\n\t\t\t\t\t\t\t\t\t<section class=\"elementor-section elementor-top-section elementor-element elementor-element-a25e65a elementor-section-boxed elementor-section-height-default elementor-section-height-default\" data-id=\"a25e65a\" data-element_type=\"section\">\n\t\t\t\t\t\t<div class=\"elementor-container elementor-column-gap-default\">\n\t\t\t\t\t<div class=\"elementor-column elementor-col-100 elementor-top-column elementor-element elementor-element-c31670b\" data-id=\"c31670b\" data-element_type=\"column\">\n\t\t\t<div class=\"elementor-widget-wrap elementor-element-populated\">\n\t\t\t\t\t\t\t\t<div class=\"elementor-element elementor-element-19b769f elementor-widget elementor-widget-heading\" data-id=\"19b769f\" data-element_type=\"widget\" data-widget_type=\"heading.default\">\n\t\t\t\t<div class=\"elementor-widget-container\">\n\t\t\t<style>\/*! elementor - v3.14.0 - 18-06-2023 *\/\n.elementor-heading-title{padding:0;margin:0;line-height:1}.elementor-widget-heading .elementor-heading-title[class*=elementor-size-]>a{color:inherit;font-size:inherit;line-height:inherit}.elementor-widget-heading .elementor-heading-title.elementor-size-small{font-size:15px}.elementor-widget-heading .elementor-heading-title.elementor-size-medium{font-size:19px}.elementor-widget-heading .elementor-heading-title.elementor-size-large{font-size:29px}.elementor-widget-heading .elementor-heading-title.elementor-size-xl{font-size:39px}.elementor-widget-heading .elementor-heading-title.elementor-size-xxl{font-size:59px}<\/style><h2 class=\"elementor-heading-title elementor-size-default\">Privacy and Data Protection Policy<\/h2>\t\t<\/div>\n\t\t\t\t<\/div>\n\t\t\t\t<div class=\"elementor-element elementor-element-d7fe704 elementor-widget-divider--view-line elementor-widget elementor-widget-divider\" data-id=\"d7fe704\" data-element_type=\"widget\" data-widget_type=\"divider.default\">\n\t\t\t\t<div class=\"elementor-widget-container\">\n\t\t\t<style>\/*! elementor - v3.14.0 - 18-06-2023 *\/\n.elementor-widget-divider{--divider-border-style:none;--divider-border-width:1px;--divider-color:#0c0d0e;--divider-icon-size:20px;--divider-element-spacing:10px;--divider-pattern-height:24px;--divider-pattern-size:20px;--divider-pattern-url:none;--divider-pattern-repeat:repeat-x}.elementor-widget-divider .elementor-divider{display:flex}.elementor-widget-divider .elementor-divider__text{font-size:15px;line-height:1;max-width:95%}.elementor-widget-divider .elementor-divider__element{margin:0 var(--divider-element-spacing);flex-shrink:0}.elementor-widget-divider .elementor-icon{font-size:var(--divider-icon-size)}.elementor-widget-divider .elementor-divider-separator{display:flex;margin:0;direction:ltr}.elementor-widget-divider--view-line_icon .elementor-divider-separator,.elementor-widget-divider--view-line_text .elementor-divider-separator{align-items:center}.elementor-widget-divider--view-line_icon .elementor-divider-separator:after,.elementor-widget-divider--view-line_icon .elementor-divider-separator:before,.elementor-widget-divider--view-line_text .elementor-divider-separator:after,.elementor-widget-divider--view-line_text .elementor-divider-separator:before{display:block;content:\"\";border-bottom:0;flex-grow:1;border-top:var(--divider-border-width) var(--divider-border-style) var(--divider-color)}.elementor-widget-divider--element-align-left .elementor-divider .elementor-divider-separator>.elementor-divider__svg:first-of-type{flex-grow:0;flex-shrink:100}.elementor-widget-divider--element-align-left .elementor-divider-separator:before{content:none}.elementor-widget-divider--element-align-left .elementor-divider__element{margin-left:0}.elementor-widget-divider--element-align-right .elementor-divider .elementor-divider-separator>.elementor-divider__svg:last-of-type{flex-grow:0;flex-shrink:100}.elementor-widget-divider--element-align-right .elementor-divider-separator:after{content:none}.elementor-widget-divider--element-align-right .elementor-divider__element{margin-right:0}.elementor-widget-divider:not(.elementor-widget-divider--view-line_text):not(.elementor-widget-divider--view-line_icon) .elementor-divider-separator{border-top:var(--divider-border-width) var(--divider-border-style) var(--divider-color)}.elementor-widget-divider--separator-type-pattern{--divider-border-style:none}.elementor-widget-divider--separator-type-pattern.elementor-widget-divider--view-line .elementor-divider-separator,.elementor-widget-divider--separator-type-pattern:not(.elementor-widget-divider--view-line) .elementor-divider-separator:after,.elementor-widget-divider--separator-type-pattern:not(.elementor-widget-divider--view-line) .elementor-divider-separator:before,.elementor-widget-divider--separator-type-pattern:not([class*=elementor-widget-divider--view]) .elementor-divider-separator{width:100%;min-height:var(--divider-pattern-height);-webkit-mask-size:var(--divider-pattern-size) 100%;mask-size:var(--divider-pattern-size) 100%;-webkit-mask-repeat:var(--divider-pattern-repeat);mask-repeat:var(--divider-pattern-repeat);background-color:var(--divider-color);-webkit-mask-image:var(--divider-pattern-url);mask-image:var(--divider-pattern-url)}.elementor-widget-divider--no-spacing{--divider-pattern-size:auto}.elementor-widget-divider--bg-round{--divider-pattern-repeat:round}.rtl .elementor-widget-divider .elementor-divider__text{direction:rtl}.e-con-inner>.elementor-widget-divider,.e-con>.elementor-widget-divider{width:var(--container-widget-width,100%);--flex-grow:var(--container-widget-flex-grow)}<\/style>\t\t<div class=\"elementor-divider\">\n\t\t\t<span class=\"elementor-divider-separator\">\n\t\t\t\t\t\t<\/span>\n\t\t<\/div>\n\t\t\t\t<\/div>\n\t\t\t\t<\/div>\n\t\t\t\t<div class=\"elementor-element elementor-element-d1e035a elementor-widget elementor-widget-text-editor\" data-id=\"d1e035a\" data-element_type=\"widget\" data-widget_type=\"text-editor.default\">\n\t\t\t\t<div class=\"elementor-widget-container\">\n\t\t\t<style>\/*! elementor - v3.14.0 - 18-06-2023 *\/\n.elementor-widget-text-editor.elementor-drop-cap-view-stacked .elementor-drop-cap{background-color:#69727d;color:#fff}.elementor-widget-text-editor.elementor-drop-cap-view-framed .elementor-drop-cap{color:#69727d;border:3px solid;background-color:transparent}.elementor-widget-text-editor:not(.elementor-drop-cap-view-default) .elementor-drop-cap{margin-top:8px}.elementor-widget-text-editor:not(.elementor-drop-cap-view-default) .elementor-drop-cap-letter{width:1em;height:1em}.elementor-widget-text-editor .elementor-drop-cap{float:left;text-align:center;line-height:1;font-size:50px}.elementor-widget-text-editor .elementor-drop-cap-letter{display:inline-block}<\/style>\t\t\t\t<header class=\"entry-header ast-no-thumbnail ast-no-meta\">\n<h1 class=\"entry-title\"><strong><span style=\"font-size: 16px;\">\u00c2mbito geral<\/span><\/strong><\/h1>\n<\/header>\n<div class=\"entry-content clear\">\n<div class=\"elementor elementor-7099\" data-elementor-type=\"wp-page\" data-elementor-id=\"7099\" data-elementor-settings=\"[]\">\n<div class=\"elementor-section-wrap\">\n<section class=\"elementor-section elementor-top-section elementor-element elementor-element-38a741cd elementor-section-boxed elementor-section-height-default elementor-section-height-default\" data-id=\"38a741cd\" data-element_type=\"section\">\n<div class=\"elementor-container elementor-column-gap-default\">\n<div class=\"elementor-column elementor-col-100 elementor-top-column elementor-element elementor-element-573e4262\" data-id=\"573e4262\" data-element_type=\"column\">\n<div class=\"elementor-widget-wrap elementor-element-populated\">\n<div class=\"elementor-element elementor-element-623b180f elementor-widget elementor-widget-text-editor\" data-id=\"623b180f\" data-element_type=\"widget\" data-widget_type=\"text-editor.default\">\n<div class=\"elementor-widget-container\">\n<p>A presente pol\u00edtica de tratamento de dados estabelece os termos e condi\u00e7\u00f5es do Regulamento (UE) 2016\/679 do Parlamento Europeu e do Conselho, de 27 de abril de 2016, relativo \u00e0 prote\u00e7\u00e3o das pessoas singulares no que diz respeito ao tratamento de dados pessoais e \u00e0 livre circula\u00e7\u00e3o desses dados, adiante designado por\u00a0<strong>Regulamento Geral da Prote\u00e7\u00e3o de Dados (RGPD)<\/strong>.<\/p>\n<p>A Keytrailer \u00a0\u00e9 respons\u00e1vel por este website. A presente pol\u00edtica de privacidade abrange este website, assim como outros sites que mencionem a dita pol\u00edtica.<br \/>A privacidade do Utilizador \u00e9 importante para a Keytrailer.<\/p>\n<p>A Keytrailer ompromete-se a respeitar a privacidade do Utilizador e a processar os seus dados pessoais de uma forma cuidadosa e confidencial, de acordo com as leis aplic\u00e1veis. Os dados n\u00e3o ser\u00e3o processados para quaisquer outros fins que n\u00e3o os aqui especificados.<\/p>\n<p>A Keytrailer reserva-se o direito de atualizar ou modificar a sua Pol\u00edtica de Privacidade a qualquer momento, nomeadamente, de forma a adapt\u00e1-la a altera\u00e7\u00f5es legislativas. O Utilizador \u00e9 assim aconselhado a visitar esta p\u00e1gina regularmente.<\/p>\n<h1 class=\"entry-title\"><strong><span style=\"font-size: 16px;\">Consentimento<\/span><\/strong><\/h1>\n<p>Ao utilizar este website, est\u00e1 a dar o seu consentimento para a recolha e utiliza\u00e7\u00e3o das informa\u00e7\u00f5es.<\/p>\n<p>A Keytrailer pode a qualquer momento modificar, adicionar ou eliminar qualquer uma das pol\u00edticas de privacidade do seu website (www.keytrailer.pt) atrav\u00e9s da atualiza\u00e7\u00e3o do conte\u00fado desta p\u00e1gina.<\/p>\n<h5>\u00a0<\/h5>\n<h5>Que tipo de dados s\u00e3o recolhidos pela Keytrailer?<\/h5>\n<p>A Keytrailer recolhe dados sobre as empresas que s\u00e3o suas clientes, e respetivos colaboradores, nomeadamente nome, email, empresa, cargo, e telefone.<\/p>\n<h4>\u00a0<\/h4>\n<h5>O site da\u00a0Keytrailer solicita dados pessoais?<\/h5>\n<p>Sim. Solicitamos informa\u00e7\u00f5es como o nome, morada, telefone, endere\u00e7o de correio eletr\u00f3nico e outros dados pessoais quando um Utilizador pretende subscrever a Newsletter ou efetua o registo de pedido de informa\u00e7\u00f5es sobre a oferta\/servi\u00e7o apresentado no site.<\/p>\n<h4>\u00a0<\/h4>\n<h5>Qual a utiliza\u00e7\u00e3o que o site da Keytrailer\u00a0d\u00e1 aos seus dados pessoais?<\/h5>\n<p>O nosso objetivo ao solicitar os seus dados pessoais \u00e9 a manuten\u00e7\u00e3o de um relacionamento mais pr\u00f3ximo com o Utilizador e, consequentemente, a melhoria da efic\u00e1cia de resposta \u00e0s suas necessidades e\/ou pedidos.<\/p>\n<h4>\u00a0<\/h4>\n<h5>O site da\u00a0Keytrailer pode revelar os seus dados pessoais?<\/h5>\n<p>N\u00e3o. A Keytrailer garante que estas informa\u00e7\u00f5es N\u00c3O SER\u00c3O divulgadas a qualquer outra organiza\u00e7\u00e3o ou empresa.<br \/>A Keytrailer compromete-se a proteger a sua privacidade e a esfor\u00e7ar-se na garantia do uso de uma tecnologia suficientemente eficaz para que a sua experi\u00eancia online seja cada vez mais segura e os seus relacionamentos na Web cada vez mais refor\u00e7ados.<br \/>Os Utilizadores t\u00eam direitos reconhecidos e poder\u00e3o exercitar esses direitos de acesso, cancelamento, retifica\u00e7\u00e3o e elimina\u00e7\u00e3o.<\/p>\n<h4>\u00a0<\/h4>\n<h5>O site da\u00a0Keytrailer pode usar os meus dados pessoais para comunica\u00e7\u00e3o por e-mail?<\/h5>\n<p>Sim, nos casos em que o Utilizador d\u00ea o seu consentimento, particularmente no caso do item \u201cSubscreva a nossa Newsletter\u201d, ou quando este mant\u00e9m uma rela\u00e7\u00e3o contratual com a Keytrailer.<\/p>\n<h5>\u00a0<\/h5>\n<h5>Posso efetuar o cancelamento de subscri\u00e7\u00f5es de comunica\u00e7\u00f5es por e-mail?<\/h5>\n<p>Cada comunica\u00e7\u00e3o enviada por correio eletr\u00f3nico, cont\u00e9m instru\u00e7\u00f5es clara sobre a sua forma de cancelamento.<\/p>\n<h4>\u00a0<\/h4>\n<h5>Para que fins recolhe a Keytrailer dados pessoais do Utilizador?<\/h5>\n<p>Os dados recolhidos no website destinam-se a comunica\u00e7\u00e3o com os Clientes, processamento de pedidos de informa\u00e7\u00e3o, an\u00e1lise estat\u00edstica, bem como a respetiva utiliza\u00e7\u00e3o para efeitos de marketing direto.<\/p>\n<h4>\u00a0<\/h4>\n<h5>A Keytrailer utiliza os dados pessoais para Marketing Direto?<\/h5>\n<p>A Keytrailer poder\u00e1 utilizar os seus dados pessoais para lhe enviar qualquer correio n\u00e3o solicitado relacionado com produtos ou ofertas comerciais que possam ser do seu interesse. A Keytrailer n\u00e3o vende nem negocia os seus dados.<\/p>\n<p>O cliente autoriza expressamente a\u00a0Keytrailer a enviar informa\u00e7\u00e3o sobre produtos e servi\u00e7os que possam ser do seu interesse utilizando os seus dados pessoais para efeitos de marketing direto atrav\u00e9s de qualquer canal de comunica\u00e7\u00e3o, nomeadamente mediante a utiliza\u00e7\u00e3o de correio eletr\u00f3nico, telefone, SMS, MMS ou outras formas de chamada autom\u00e1tica. A Keytrailer n\u00e3o comercializar\u00e1 nem partilhar\u00e1 a sua base de dados de clientes com terceiros.<\/p>\n<h4>\u00a0<\/h4>\n<h5>Quem tem acesso aos dados pessoais do Utilizador?<\/h5>\n<p>A Keytrailer n\u00e3o divulga a terceiros quaisquer dados pessoais dos seus Clientes e Utilizadores, sem o seu consentimento, exceto (1) quando tal seja necess\u00e1rio para que os colaboradores, funcion\u00e1rios, fornecedores ou parceiros comerciais da\u00a0Keytrailer possam fornecer um produto ou servi\u00e7o ou executar uma fun\u00e7\u00e3o em nome da\u00a0Keytrailer, ou (2) quando tal for exigido ou permitido por lei.<\/p>\n<p>A Keytrailer adotar\u00e1 as precau\u00e7\u00f5es razo\u00e1veis para garantir que os seus funcion\u00e1rios ou colaboradores com acesso a dados pessoais recebam forma\u00e7\u00e3o adequada ao seu correto processamento, com respeito pela presente pol\u00edtica e pelas obriga\u00e7\u00f5es legais de prote\u00e7\u00e3o de dados. No caso de incumprimento, a\u00a0Keytrailer aplicar\u00e1 san\u00e7\u00f5es disciplinares aos seus funcion\u00e1rios e colaboradores.<\/p>\n<p>Sempre que a Keytrailer ivulgar os dados pessoais do Utilizador salvaguardar\u00e1 o cumprimento da Lei da Prote\u00e7\u00e3o de Dados Pessoais, nomeadamente atrav\u00e9s da previs\u00e3o de disposi\u00e7\u00f5es contratuais que garantam que o terceiro utiliza os dados recebidos somente para as finalidades especificadas, e em conformidade com os fins descritos nesta pol\u00edtica, e que faz uso de meios de seguran\u00e7a adequados, de forma a proteger os dados pessoais do Utilizador contra tratamentos ilegais ou n\u00e3o autorizados bem como contra a sua perda acidental, destrui\u00e7\u00e3o ou outras a\u00e7\u00f5es danosas.<\/p>\n<h4>\u00a0<\/h4>\n<h5>Os dados do Utilizador est\u00e3o seguros com a\u00a0Keytrailer?<\/h5>\n<p>A Keytrailer tomou as medidas t\u00e9cnicas e organizacionais necess\u00e1rias para proteger, de forma adequada, os seus dados relativamente a processamento e acesso n\u00e3o autorizado.<\/p>\n<p>A Keytrailer desenvolve todos os esfor\u00e7os razo\u00e1veis adequados para evitar a utiliza\u00e7\u00e3o n\u00e3o autorizada ou ilegal dos dados pessoais do Utilizador, bem como a sua perda, destrui\u00e7\u00e3o, ou danifica\u00e7\u00e3o. No entanto, a Keytrailer\u00a0n\u00e3o pode fornecer uma garantia absoluta relativamente aos dados do Utilizador.<\/p>\n<h4>\u00a0<\/h4>\n<h5>E quando h\u00e1 links no website?<\/h5>\n<p>O website da Keytrailer pode conter links para outros websites e endere\u00e7os de e-mail de empresas n\u00e3o pertencentes \u00e0\u00a0Keytrailer.\u00a0 A presente pol\u00edtica de Privacidade n\u00e3o se aplica a esses websites e endere\u00e7os de e-mail.<\/p>\n<p>Se utilizar um link dispon\u00edvel neste website para outro website e fornecer dados pessoais nesse site, o processamento dos dados estar\u00e1 sujeito \u00e0 declara\u00e7\u00e3o de privacidade desse website.<\/p>\n<h4>\u00a0<\/h4>\n<h5>O site da Keytrailer utiliza cookies?<\/h5>\n<p>Utilizamos cookies para que o Utilizador obtenha uma experi\u00eancia de navega\u00e7\u00e3o agrad\u00e1vel e enriquecedora, de modo a podermos proporcionar-lhe um servi\u00e7o personalizado. Os cookies s\u00e3o tamb\u00e9m utilizados como op\u00e7\u00f5es t\u00e9cnicas para a navega\u00e7\u00e3o no site.<br \/>Os cookies utilizados pela\u00a0Keytrailer t\u00eam como objetivo: Conhecer os nossos visitantes e assim melhorar a sua experi\u00eancia de navega\u00e7\u00e3o no site; Personalizar a informa\u00e7\u00e3o das p\u00e1ginas web com conte\u00fados de interesse; Sugerir a mudan\u00e7a de idioma do site para que tenha acesso a conte\u00fado na sua l\u00edngua nativa; Propor a sele\u00e7\u00e3o do site com produtos e servi\u00e7os personalizados para a regi\u00e3o onde se encontra; Segmentar a nossa oferta e disponibilizar campanhas de acordo com os interesses de cada um dos nossos visitantes.<\/p>\n<p>Com a ajuda destes cookies, a Keytrailer potencia a cria\u00e7\u00e3o de um relacionamento com os visitantes e clientes de forma a melhorar a sua experi\u00eancia e recolher dados para continuarmos a aperfei\u00e7oar a sua navega\u00e7\u00e3o no site e os nossos produtos e servi\u00e7os.<br \/>Ao navegar neste site, est\u00e1 a concordar com a instala\u00e7\u00e3o destes cookies no seu browser. Contudo, pode aceitar ou recusar, configurando o seu browser de forma apropriada.<\/p>\n<h4>\u00a0<\/h4>\n<h5>Quais os direitos do Utilizador no que respeita aos dados?<\/h5>\n<p>De acordo com <strong>Lei da Prote\u00e7\u00e3o de Dados Pessoais<\/strong>, o Utilizador tem direito a obter informa\u00e7\u00f5es sobre os seus dados pessoais. Tem o direito de saber que dados pessoais foram processados pela\u00a0Keytrailer podendo tamb\u00e9m requerer \u00e0\u00a0Keytrailer para corrigir, complementar, bloquear ou eliminar os dados total ou parcialmente no caso de se revelarem incompletos, incorretos ou irrelevantes para efeitos de processamento.<\/p>\n<p>A atualiza\u00e7\u00e3o de dados dever\u00e1 ser efetuada pelo pr\u00f3prio cliente no correio eletr\u00f3nico, na sec\u00e7\u00e3o especificamente disponibilizada para o efeito.<\/p>\n<p>Caso deseje, a qualquer momento, deixar de fazer parte da base de dados.\u00a0A Keytrailer poder\u00e1 exercer esse direito de duas formas:<\/p>\n<ol>\n<li>No correio eletr\u00f3nico (Newsletter) enviado, cont\u00e9m instru\u00e7\u00f5es clara sobre a atualiza\u00e7\u00e3o e remo\u00e7\u00e3o da subscri\u00e7\u00e3o;<\/li>\n<li>Contactando-nos atrav\u00e9s dos seguintes meios:<\/li>\n<\/ol>\n<ul>\n<li>Email: geral@keytrailer.pt<\/li>\n<li>Carta: <strong>Keytrailer<\/strong>\u00a0, Rua Principal, Lote 8C &#8211; Zona Industrial de Porto de M\u00f3s, 2480-407 Porto de M\u00f3s<\/li>\n<li>Telefone: 244 482 619<\/li>\n<li>Hor\u00e1rio de atendimento: Segunda a Sexta, das 9.00h \u00e0s 18.00h<\/li>\n<li>Site: www.keytrailer.pt<\/li>\n<\/ul>\n<\/div>\n<\/div>\n<\/div>\n<\/div>\n<\/div>\n<\/section>\n<\/div>\n<\/div>\n<\/div>\t\t\t\t\t\t<\/div>\n\t\t\t\t<\/div>\n\t\t\t\t\t<\/div>\n\t\t<\/div>\n\t\t\t\t\t\t\t<\/div>\n\t\t<\/section>\n\t\t\t\t\t\t\t<\/div>","protected":false},"excerpt":{"rendered":"<p>Pol\u00edtica de Privacidade e Prote\u00e7\u00e3o de Dados \u00c2mbito geral A presente pol\u00edtica de tratamento de dados estabelece os termos e condi\u00e7\u00f5es do Regulamento (UE) 2016\/679 do Parlamento Europeu e do Conselho, de 27 de abril de 2016, relativo \u00e0 prote\u00e7\u00e3o das pessoas singulares no que diz respeito ao tratamento de dados pessoais e \u00e0 livre [&hellip;]<\/p>","protected":false},"author":1,"featured_media":0,"parent":0,"menu_order":0,"comment_status":"closed","ping_status":"open","template":"elementor_header_footer","meta":{"footnotes":""},"class_list":["post-3","page","type-page","status-publish","hentry"],"_links":{"self":[{"href":"https:\/\/keytrailer.pt\/en\/wp-json\/wp\/v2\/pages\/3","targetHints":{"allow":["GET"]}}],"collection":[{"href":"https:\/\/keytrailer.pt\/en\/wp-json\/wp\/v2\/pages"}],"about":[{"href":"https:\/\/keytrailer.pt\/en\/wp-json\/wp\/v2\/types\/page"}],"author":[{"embeddable":true,"href":"https:\/\/keytrailer.pt\/en\/wp-json\/wp\/v2\/users\/1"}],"replies":[{"embeddable":true,"href":"https:\/\/keytrailer.pt\/en\/wp-json\/wp\/v2\/comments?post=3"}],"version-history":[{"count":9,"href":"https:\/\/keytrailer.pt\/en\/wp-json\/wp\/v2\/pages\/3\/revisions"}],"predecessor-version":[{"id":536,"href":"https:\/\/keytrailer.pt\/en\/wp-json\/wp\/v2\/pages\/3\/revisions\/536"}],"wp:attachment":[{"href":"https:\/\/keytrailer.pt\/en\/wp-json\/wp\/v2\/media?parent=3"}],"curies":[{"name":"wp","href":"https:\/\/api.w.org\/{rel}","templated":true}]}}